{"id":35,"date":"2018-06-10T11:03:34","date_gmt":"2018-06-10T11:03:34","guid":{"rendered":"https:\/\/blumenart-adolph.de\/?page_id=35"},"modified":"2026-04-19T12:52:04","modified_gmt":"2026-04-19T12:52:04","slug":"oeffnungszeiten","status":"publish","type":"page","link":"https:\/\/www.blumenart-adolph.de\/?page_id=35","title":{"rendered":"\u00d6ffnungszeiten"},"content":{"rendered":"<p><strong>\u00d6ffnungszeiten Muttertag Laden:<br \/>\nSa 09.05.26\u00a0 9-13 Uhr<br \/>\nSo 10.05.26\u00a0 \u00a09-11 Uhr<\/p>\n<p>Au\u00dferhalb der Laden\u00f6ffnungszeiten ist der HOFVERKAUF immer auf!<br \/>\n&#8212;&#8212;&#8212;&#8212;&#8212;&#8212;&#8212;&#8212;&#8212;&#8212;&#8212;&#8212;&#8212;&#8212;&#8212;&#8212;&#8212;&#8212;&#8212;&#8212;&#8212;&#8212;&#8212;&#8212;&#8212;&#8212;&#8212;&#8212;&#8212;&#8212;&#8212;&#8212;&#8212;&#8211;<br \/>\n<\/strong><strong>&#8212;&#8212;&#8212;&#8212;&#8212;&#8212;&#8212;&#8212;&#8212;&#8212;&#8212;&#8212;&#8212;&#8212;&#8212;&#8212;&#8212;&#8212;&#8212;&#8212;&#8212;&#8212;&#8212;&#8212;&#8212;&#8212;&#8212;&#8212;&#8212;&#8212;&#8211;<br \/>\n\u00d6ffnungszeiten Laden:<br \/>\n<\/strong>Mo, Di,\u00a0 Mi\u00a0 \u00a09-12 Uhr<br \/>\nDo, Fr\u00a0 \u00a0 \u00a0 \u00a0 \u00a0 \u00a0 9-12, 14.30-18 Uhr<br \/>\nSa\u00a0 \u00a0 \u00a0 \u00a0 \u00a0 \u00a0 \u00a0 \u00a0 \u00a0 \u00a09-13 Uhr<strong><br \/>\n&#8212;&#8212;&#8212;&#8212;&#8212;&#8212;&#8212;&#8212;&#8212;&#8212;&#8212;&#8212;&#8212;&#8212;&#8212;&#8212;&#8212;&#8212;&#8212;&#8212;&#8212;&#8212;&#8212;&#8212;&#8212;&#8212;&#8212;&#8212;&#8212;&#8212;&#8212;&#8211;<\/strong><strong>Bestellungen, <\/strong>die<strong> bis 12 Uhr bestellt<\/strong> werden, k\u00f6nnen <strong>am selben Tag<\/strong><br \/>\nauch au\u00dferhalb der Ladenzeiten im<strong> HOFVERKAUF <\/strong>abgeholt werden!<br \/>\n&#8212;&#8212;&#8212;&#8212;&#8212;&#8212;&#8212;&#8212;&#8212;&#8212;&#8212;&#8212;&#8212;&#8212;&#8212;&#8212;&#8212;&#8212;&#8212;&#8212;&#8212;&#8212;&#8212;&#8212;&#8212;&#8212;&#8212;&#8212;&#8212;&#8212;&#8212;-<br \/>\n<strong>HOFVERKAUF<\/strong>&#8230;. <strong>IMMER AUF!<\/strong><br \/>\n&#8230; der Hofverkauf ist immer ge\u00f6ffnet, auch an Sonn-&amp;Feiertagen!!!<br \/>\n&#8230; Sie bedienen sich selbst<br \/>\n&#8230; Preise sind \u00fcberall dran<br \/>\n&#8230; Preise entfernen oder auf einen Zettel schreiben und<br \/>\nin ein vorgesehenes T\u00fctchen stecken<br \/>\n*entweder passend das Bargeld dazu stecken<br \/>\n*oder mit Handy+Kreditkarte bezahlen<br \/>\n*oder mit Paypal (blumenart@web.de) bezahlen<br \/>\n&#8230;. Transportkisten, Papiertaschen oder Zeitungspapier sind vorhanden<br \/>\nVIEL SPA\u00df BEIM ST\u00d6BERN UND EINKAUFEN OHNE \u00d6FFNUNGSZEITEN!<\/p>\n<p>!Blumenstr\u00e4u\u00dfe gerne auf Vorbestellung!<br \/>\nTelefon, Whatsapp 0171-7016768 oder Mail: blumenart@web.de<\/p>\n","protected":false},"excerpt":{"rendered":"<p>\u00d6ffnungszeiten Muttertag Laden: Sa 09.05.26\u00a0 9-13 Uhr So 10.05.26\u00a0 \u00a09-11 Uhr Au\u00dferhalb der Laden\u00f6ffnungszeiten ist der HOFVERKAUF immer auf! &#8212;&#8212;&#8212;&#8212;&#8212;&#8212;&#8212;&#8212;&#8212;&#8212;&#8212;&#8212;&#8212;&#8212;&#8212;&#8212;&#8212;&#8212;&#8212;&#8212;&#8212;&#8212;&#8212;&#8212;&#8212;&#8212;&#8212;&#8212;&#8212;&#8212;&#8212;&#8212;&#8212;&#8211; &#8212;&#8212;&#8212;&#8212;&#8212;&#8212;&#8212;&#8212;&#8212;&#8212;&#8212;&#8212;&#8212;&#8212;&#8212;&#8212;&#8212;&#8212;&#8212;&#8212;&#8212;&#8212;&#8212;&#8212;&#8212;&#8212;&#8212;&#8212;&#8212;&#8212;&#8211; \u00d6ffnungszeiten Laden: Mo, Di,\u00a0 Mi\u00a0 \u00a09-12 Uhr Do, Fr\u00a0 \u00a0 \u00a0 \u00a0 \u00a0 \u00a0 9-12, 14.30-18 Uhr Sa\u00a0 \u00a0 \u00a0 \u00a0 \u00a0 \u00a0 \u00a0 \u00a0 \u00a0 \u00a09-13 Uhr &#8212;&#8212;&#8212;&#8212;&#8212;&#8212;&#8212;&#8212;&#8212;&#8212;&#8212;&#8212;&#8212;&#8212;&#8212;&#8212;&#8212;&#8212;&#8212;&#8212;&#8212;&#8212;&#8212;&#8212;&#8212;&#8212;&#8212;&#8212;&#8212;&#8212;&#8212;&#8211;Bestellungen, die bis 12 Uhr bestellt &hellip; <\/p>\n<p class=\"link-more\"><a href=\"https:\/\/www.blumenart-adolph.de\/?page_id=35\" class=\"more-link\"><span class=\"screen-reader-text\">\u201e\u00d6ffnungszeiten\u201c <\/span>weiterlesen<\/a><\/p>\n","protected":false},"author":1,"featured_media":0,"parent":0,"menu_order":0,"comment_status":"closed","ping_status":"closed","template":"","meta":{"footnotes":""},"class_list":["post-35","page","type-page","status-publish","hentry"],"_links":{"self":[{"href":"https:\/\/www.blumenart-adolph.de\/index.php?rest_route=\/wp\/v2\/pages\/35","targetHints":{"allow":["GET"]}}],"collection":[{"href":"https:\/\/www.blumenart-adolph.de\/index.php?rest_route=\/wp\/v2\/pages"}],"about":[{"href":"https:\/\/www.blumenart-adolph.de\/index.php?rest_route=\/wp\/v2\/types\/page"}],"author":[{"embeddable":true,"href":"https:\/\/www.blumenart-adolph.de\/index.php?rest_route=\/wp\/v2\/users\/1"}],"replies":[{"embeddable":true,"href":"https:\/\/www.blumenart-adolph.de\/index.php?rest_route=%2Fwp%2Fv2%2Fcomments&post=35"}],"version-history":[{"count":123,"href":"https:\/\/www.blumenart-adolph.de\/index.php?rest_route=\/wp\/v2\/pages\/35\/revisions"}],"predecessor-version":[{"id":665,"href":"https:\/\/www.blumenart-adolph.de\/index.php?rest_route=\/wp\/v2\/pages\/35\/revisions\/665"}],"wp:attachment":[{"href":"https:\/\/www.blumenart-adolph.de\/index.php?rest_route=%2Fwp%2Fv2%2Fmedia&parent=35"}],"curies":[{"name":"wp","href":"https:\/\/api.w.org\/{rel}","templated":true}]}}