{"id":63,"date":"2018-06-11T20:03:49","date_gmt":"2018-06-11T20:03:49","guid":{"rendered":"https:\/\/blumenart-adolph.de\/?page_id=63"},"modified":"2026-03-22T10:50:16","modified_gmt":"2026-03-22T10:50:16","slug":"natuerlich-liebevoll-meisterhaft-arrangierte-blumen-sind-fuer-uns-eine-herzenssache","status":"publish","type":"page","link":"https:\/\/www.blumenart-adolph.de\/","title":{"rendered":"Nat\u00fcrlich, liebevoll &#038; meisterhaft arrangierte Blumen sind f\u00fcr uns eine Herzenssache!"},"content":{"rendered":"<p><strong>Natur pur,&#8230;<\/strong><br \/>Die <strong>NATUR<\/strong> liegt uns am Herzen, deshalb arbeiten wir am liebsten mit Naturmaterialien!<br \/>*Naturbindebast f\u00fcr Str\u00e4u\u00dfe<br \/>*Keine Folie zum verpacken, sondern Recyclingpapier, Zeitungspapier<br \/>*kein Klebeband<br \/>*<strong>Schnittblumen<\/strong>, am liebsten regional &amp; saisonal (soweit es machbar ist) wenig Flugware<br \/>*<strong>Pflanzen<\/strong> von heimischen G\u00e4rtnereien (ich bin von hier)<br \/>*<strong>Obst\/Gem\u00fcse\/Pilze<\/strong>\u00a0in Bioqualit\u00e4t von <strong>Gr\u00fcn&amp;Gr\u00fcn<\/strong> jeden Dienstag frisch<br \/>*Verwendung von alternativen Steckhilfen, verzicht auf Steckschwamm aus Plastik<br \/>*<strong>Trockenblumen<\/strong> aus der Region<br \/>*wir pflanzen mit <strong>torffreier BioErde<\/strong><br \/>*100% Naturstrom\/\u00d6kostrom<br \/>*Beratung &amp; Ausf\u00fchrung f\u00fcr <strong>HOCHZEIT, FEIERLICHKEITEN<\/strong> oder im <strong>TRAUERFALL<\/strong><br \/>*<strong>Leihgef\u00e4\u00dfe<\/strong> und <strong>Lieferservice<\/strong><br \/>*<strong>Gutscheine<\/strong>\u00a0 <br \/>*<strong>Blumenabo f\u00fcr Privat- oder Gesch\u00e4ftskunden <\/strong>mit Lieferservice<br \/>*NEU <strong>HAPPY BOX<\/strong> Geschenkekiste bei BlumenArt<br \/>*handgemachte <strong>Keramik<\/strong> aus Neuses <strong>SP Keramik<\/strong><br \/>*<strong>Bio Gew\u00fcrze, Bio Tee, <\/strong>\u00a0<strong>Bio Oliven\u00f6<\/strong>l von <strong>NepaliGarden\/ Emport<br \/>*Bio Weine <\/strong>und mehr<strong> Weingut Goldschmitt <\/strong>aus der Pfalz<strong><br \/><\/strong>*Heil- &amp; Schmucksteine<br \/>*mundgeblasenes <strong>Glas<\/strong> von <strong>Dutz<\/strong><br \/>*<strong>Bio-\u00d6le<\/strong> der Firma <strong>Neumond<\/strong><strong><br \/>*<\/strong>Recycling- und <strong>Marimekkoservietten<\/strong><br \/>*<strong>Karten<\/strong> von <strong>NOBIS Design<br \/>*Karten von VolaneArt\u00a0<br \/><\/strong>*<strong>Kerzenfarm Hahn <\/strong>Qualit\u00e4tskerzen &#8211;\u00a0 handgemacht (Deutschland), durchgef\u00e4rbt, geringer Schadstoffaussto\u00df, <strong>Bienenwachskerzen<\/strong>, Stearinkerzen<br \/>*<strong>Kunstindustrien<\/strong> <strong>Kerzen<\/strong> (D\u00e4nemark) handgezogen, durchgef\u00e4rbt<br \/>*<strong>Stearinkerzen<\/strong> -rein pflanzlich <strong>Kaheku <\/strong>(Deutschland\/D\u00e4nemark)<strong><br \/><\/strong>*Accessiores und Interior <strong>H\u00fcbsch<\/strong>, <strong>Broste Copenhagen, Storefactory, Klatt Objects&#8230;<br \/><\/strong>*Recycling Gef\u00e4\u00dfe und recycling Glas <strong>L\u00fcbech Living<\/strong>.<br \/>*<strong>Kaffeegenu\u00df<\/strong> im Ambiente von BlumenArt, kleine Auszeit zum Genie\u00dfen!<br \/>* <strong>HOFVERKAUF<\/strong> einmaliger Service&#8230;.st\u00f6bern und einkaufen ohne \u00d6ffnungszeiten,\u00a0 Selbstbedienung, Bezahlung in bar, Paypal oder mit Kreditkarte.<br \/>*Bestellungsabholung au\u00dferhalb der \u00d6ffnungszeiten, \u00fcber den HOFVERKAUF<\/p>\n<p>Kommen Sie und lassen Sie sich inspirieren!<\/p>\n<p>Ihr BlumenArt-Team<br \/><em>Christina Adolph, Karina Schwab, Agnes Mohr &amp; Peggy Hartmann<br \/><\/em><\/p>\n<p>\u00a0<\/p>\n<p><em>\t\t<div id=\"instagram-gallery-feed-0\" class=\"instagram-gallery-feed\" data-feed=\"{&quot;id&quot;:0,&quot;account_id&quot;:&quot;6022854017833037&quot;,&quot;source&quot;:&quot;username&quot;,&quot;tag&quot;:&quot;wordpress&quot;,&quot;order_by&quot;:&quot;top_media&quot;,&quot;layout&quot;:&quot;gallery&quot;,&quot;limit&quot;:12,&quot;columns&quot;:3,&quot;spacing&quot;:10,&quot;lazy&quot;:false,&quot;responsive&quot;:{&quot;desktop&quot;:{&quot;columns&quot;:3,&quot;spacing&quot;:10},&quot;tablet&quot;:{&quot;columns&quot;:2,&quot;spacing&quot;:8},&quot;mobile&quot;:{&quot;columns&quot;:1,&quot;spacing&quot;:6},&quot;breakpoints&quot;:{&quot;tablet&quot;:768,&quot;mobile&quot;:480}},&quot;aspect_ratio&quot;:{&quot;width&quot;:1,&quot;height&quot;:1},&quot;highlight&quot;:{&quot;tag&quot;:&quot;&quot;,&quot;id&quot;:&quot;&quot;,&quot;position&quot;:&quot;1,3,5&quot;},&quot;reel&quot;:{&quot;hide&quot;:false},&quot;copyright&quot;:{&quot;hide&quot;:false,&quot;placeholder&quot;:&quot;&quot;},&quot;profile&quot;:{&quot;display&quot;:true,&quot;username&quot;:&quot;&quot;,&quot;nickname&quot;:&quot;&quot;,&quot;website&quot;:&quot;&quot;,&quot;biography&quot;:&quot;&quot;,&quot;link_text&quot;:&quot;Follow&quot;,&quot;website_text&quot;:&quot;Website&quot;,&quot;avatar&quot;:&quot;&quot;},&quot;box&quot;:{&quot;display&quot;:false,&quot;padding&quot;:1,&quot;radius&quot;:0,&quot;background&quot;:&quot;#fefefe&quot;,&quot;profile&quot;:false,&quot;desc&quot;:&quot;&quot;,&quot;text_color&quot;:&quot;#000000&quot;},&quot;mask&quot;:{&quot;display&quot;:true,&quot;background&quot;:&quot;#000000&quot;,&quot;icon_color&quot;:&quot;#ffffff&quot;,&quot;likes_count&quot;:true,&quot;comments_count&quot;:true},&quot;card&quot;:{&quot;display&quot;:false,&quot;radius&quot;:1,&quot;font_size&quot;:12,&quot;background&quot;:&quot;#ffffff&quot;,&quot;background_hover&quot;:&quot;&quot;,&quot;text_color&quot;:&quot;#000000&quot;,&quot;padding&quot;:5,&quot;likes_count&quot;:false,&quot;text_length&quot;:10,&quot;comments_count&quot;:false,&quot;text_align&quot;:&quot;left&quot;},&quot;carousel&quot;:{&quot;centered_slides&quot;:false,&quot;autoplay&quot;:false,&quot;autoplay_interval&quot;:3000,&quot;navarrows&quot;:true,&quot;navarrows_color&quot;:&quot;&quot;,&quot;pagination&quot;:true,&quot;pagination_color&quot;:&quot;&quot;},&quot;modal&quot;:{&quot;display&quot;:true,&quot;profile&quot;:true,&quot;media_description&quot;:true,&quot;likes_count&quot;:true,&quot;comments_count&quot;:true,&quot;comments_list&quot;:false,&quot;text_align&quot;:&quot;left&quot;,&quot;modal_align&quot;:&quot;right&quot;,&quot;text_length&quot;:10000,&quot;font_size&quot;:12},&quot;button&quot;:{&quot;display&quot;:true,&quot;text&quot;:&quot;View on Instagram&quot;,&quot;text_color&quot;:&quot;#ffff&quot;,&quot;background&quot;:&quot;&quot;,&quot;background_hover&quot;:&quot;&quot;},&quot;button_load&quot;:{&quot;display&quot;:false,&quot;text&quot;:&quot;Load more...&quot;,&quot;text_color&quot;:&quot;#ffff&quot;,&quot;background&quot;:&quot;&quot;,&quot;background_hover&quot;:&quot;&quot;}}\">\n\t\t<!-- <FeedContainer\/> -->\n\t\t<\/div>\n\t\t<br \/><\/em><\/p>\n<p>\u00a0<\/p>\n\n\n<p><\/p>\n","protected":false},"excerpt":{"rendered":"<p>Natur pur,&#8230;Die NATUR liegt uns am Herzen, deshalb arbeiten wir am liebsten mit Naturmaterialien!*Naturbindebast f\u00fcr Str\u00e4u\u00dfe*Keine Folie zum verpacken, sondern Recyclingpapier, Zeitungspapier*kein Klebeband*Schnittblumen, am liebsten regional &amp; saisonal (soweit es machbar ist) wenig Flugware*Pflanzen von heimischen G\u00e4rtnereien (ich bin von hier)*Obst\/Gem\u00fcse\/Pilze\u00a0in Bioqualit\u00e4t von Gr\u00fcn&amp;Gr\u00fcn jeden Dienstag frisch*Verwendung von alternativen Steckhilfen, verzicht auf Steckschwamm aus Plastik*Trockenblumen &hellip; <\/p>\n<p class=\"link-more\"><a href=\"https:\/\/www.blumenart-adolph.de\/\" class=\"more-link\"><span class=\"screen-reader-text\">\u201eNat\u00fcrlich, liebevoll &#038; meisterhaft arrangierte Blumen sind f\u00fcr uns eine Herzenssache!\u201c <\/span>weiterlesen<\/a><\/p>\n","protected":false},"author":1,"featured_media":0,"parent":0,"menu_order":0,"comment_status":"closed","ping_status":"closed","template":"","meta":{"footnotes":""},"class_list":["post-63","page","type-page","status-publish","hentry"],"_links":{"self":[{"href":"https:\/\/www.blumenart-adolph.de\/index.php?rest_route=\/wp\/v2\/pages\/63","targetHints":{"allow":["GET"]}}],"collection":[{"href":"https:\/\/www.blumenart-adolph.de\/index.php?rest_route=\/wp\/v2\/pages"}],"about":[{"href":"https:\/\/www.blumenart-adolph.de\/index.php?rest_route=\/wp\/v2\/types\/page"}],"author":[{"embeddable":true,"href":"https:\/\/www.blumenart-adolph.de\/index.php?rest_route=\/wp\/v2\/users\/1"}],"replies":[{"embeddable":true,"href":"https:\/\/www.blumenart-adolph.de\/index.php?rest_route=%2Fwp%2Fv2%2Fcomments&post=63"}],"version-history":[{"count":39,"href":"https:\/\/www.blumenart-adolph.de\/index.php?rest_route=\/wp\/v2\/pages\/63\/revisions"}],"predecessor-version":[{"id":661,"href":"https:\/\/www.blumenart-adolph.de\/index.php?rest_route=\/wp\/v2\/pages\/63\/revisions\/661"}],"wp:attachment":[{"href":"https:\/\/www.blumenart-adolph.de\/index.php?rest_route=%2Fwp%2Fv2%2Fmedia&parent=63"}],"curies":[{"name":"wp","href":"https:\/\/api.w.org\/{rel}","templated":true}]}}